{"id":95,"date":"2025-08-23T18:37:59","date_gmt":"2025-08-23T16:37:59","guid":{"rendered":"https:\/\/chiesadisassari.it\/cristorisorto\/?page_id=95"},"modified":"2025-10-20T16:54:08","modified_gmt":"2025-10-20T14:54:08","slug":"orari-e-contatti","status":"publish","type":"page","link":"https:\/\/chiesadisassari.it\/cristorisorto\/?page_id=95","title":{"rendered":"Orari e Contatti"},"content":{"rendered":"\n<p>Nella nostra Parrocchia le CELEBRAZIONI seguono i seguenti orari:<\/p>\n\n\n\n<figure class=\"wp-block-table is-style-stripes has-small-font-size\"><table class=\"has-fixed-layout\"><tbody><tr><td class=\"has-text-align-right\" data-align=\"right\"><\/td><td class=\"has-text-align-center\" data-align=\"center\">LUN<\/td><td class=\"has-text-align-center\" data-align=\"center\">MAR<\/td><td class=\"has-text-align-center\" data-align=\"center\">MER<\/td><td class=\"has-text-align-center\" data-align=\"center\">GIO<\/td><td class=\"has-text-align-center\" data-align=\"center\">VEN<\/td><td class=\"has-text-align-center\" data-align=\"center\">SAB<\/td><td class=\"has-text-align-center\" data-align=\"center\">DOM<\/td><\/tr><tr><td class=\"has-text-align-right\" data-align=\"right\">invernale<\/td><td class=\"has-text-align-center\" data-align=\"center\"><strong>18.00<\/strong><\/td><td class=\"has-text-align-center\" data-align=\"center\"><strong>18.00<\/strong><\/td><td class=\"has-text-align-center\" data-align=\"center\"><strong>18.00<\/strong><\/td><td class=\"has-text-align-center\" data-align=\"center\"><strong>18.00<\/strong><\/td><td class=\"has-text-align-center\" data-align=\"center\"><strong>18.00<\/strong><\/td><td class=\"has-text-align-center\" data-align=\"center\"><strong>18.00<\/strong><\/td><td class=\"has-text-align-center\" data-align=\"center\"><strong>8.00<br>9.30<br>11.00<\/strong><\/td><\/tr><tr><td class=\"has-text-align-right\" data-align=\"right\">estivo<\/td><td class=\"has-text-align-center\" data-align=\"center\"><strong>18.30<\/strong><\/td><td class=\"has-text-align-center\" data-align=\"center\"><strong>18.30<\/strong><\/td><td class=\"has-text-align-center\" data-align=\"center\"><strong>18.30<\/strong><\/td><td class=\"has-text-align-center\" data-align=\"center\"><strong>18.30<\/strong><\/td><td class=\"has-text-align-center\" data-align=\"center\"><strong>18.30<\/strong><\/td><td class=\"has-text-align-center\" data-align=\"center\"><strong>18.30<\/strong><\/td><td class=\"has-text-align-center\" data-align=\"center\"><strong>8.00<br>9.30<br>11.00<\/strong><\/td><\/tr><\/tbody><\/table><\/figure>\n\n\n\n<p>L&#8217;UFFICIO PARROCCHIALE \u00e8 aperto a tutti <strong>dal luned\u00ec al sabato<\/strong>, dalle <strong>17.00<\/strong> alle <strong>19.30<\/strong>. Per qualsiasi necessit\u00e0, in questi orari il Parroco \u00e8 sempre in sede e disponibile: non serve fissare alcun appuntamento. Per eventuali comunicazioni o esigenze particolari \u00e8 possibile utilizzare anche la casella di posta elettronica: <strong><a href=\"mailto:cristorisorto@chiesadisassari.it\" target=\"_blank\" rel=\"noreferrer noopener\">cristorisorto@chiesadisassari.it<\/a><\/strong>, cui accede solo ed esclusivamente il Parroco.<\/p>\n\n\n\n<p class=\"has-text-align-center\">L&#8217;indirizzo della CHIESA PARROCCHIALE per il recapito della posta ordinaria \u00e8:<br><strong>Largo David Maria Turoldo, snc &#8211; 07046 &#8211; Porto Torres (SS)<\/strong><br>Nel frame seguente, un riferimento di Google Maps per localizzare l&#8217;indirizzo:<\/p>\n\n\n\n<iframe src=\"https:\/\/www.google.com\/maps\/embed?pb=!1m18!1m12!1m3!1d754.6636942268603!2d8.407516969604497!3d40.83554591287695!2m3!1f0!2f0!3f0!3m2!1i1024!2i768!4f13.1!3m3!1m2!1s0x12dc866d7074b183%3A0x437aa973a5b71aa7!2sChiesa%20Parrocchiale%20di%20Cristo%20Risorto!5e0!3m2!1sit!2sit!4v1755972974735!5m2!1sit!2sit\" width=\"100%\" height=\"450\" style=\"border:0;\" allowfullscreen=\"\" loading=\"lazy\" referrerpolicy=\"no-referrer-when-downgrade\"><\/iframe>\n","protected":false},"excerpt":{"rendered":"<p>Nella nostra Parrocchia le CELEBRAZIONI seguono i seguenti orari: LUN MAR MER GIO VEN SAB DOM invernale 18.00 18.00 18.00 18.00 18.00 18.00 8.009.3011.00 estivo 18.30 18.30 18.30 18.30 18.30 18.30 8.009.3011.00 L&#8217;UFFICIO PARROCCHIALE \u00e8 aperto a tutti dal luned\u00ec al sabato, dalle 17.00 alle 19.30. Per qualsiasi necessit\u00e0, in questi orari il Parroco \u00e8 [&hellip;]<\/p>\n","protected":false},"author":1,"featured_media":0,"parent":0,"menu_order":0,"comment_status":"closed","ping_status":"closed","template":"","meta":{"footnotes":""},"class_list":["post-95","page","type-page","status-publish","hentry"],"_links":{"self":[{"href":"https:\/\/chiesadisassari.it\/cristorisorto\/index.php?rest_route=\/wp\/v2\/pages\/95","targetHints":{"allow":["GET"]}}],"collection":[{"href":"https:\/\/chiesadisassari.it\/cristorisorto\/index.php?rest_route=\/wp\/v2\/pages"}],"about":[{"href":"https:\/\/chiesadisassari.it\/cristorisorto\/index.php?rest_route=\/wp\/v2\/types\/page"}],"author":[{"embeddable":true,"href":"https:\/\/chiesadisassari.it\/cristorisorto\/index.php?rest_route=\/wp\/v2\/users\/1"}],"replies":[{"embeddable":true,"href":"https:\/\/chiesadisassari.it\/cristorisorto\/index.php?rest_route=%2Fwp%2Fv2%2Fcomments&post=95"}],"version-history":[{"count":15,"href":"https:\/\/chiesadisassari.it\/cristorisorto\/index.php?rest_route=\/wp\/v2\/pages\/95\/revisions"}],"predecessor-version":[{"id":123,"href":"https:\/\/chiesadisassari.it\/cristorisorto\/index.php?rest_route=\/wp\/v2\/pages\/95\/revisions\/123"}],"wp:attachment":[{"href":"https:\/\/chiesadisassari.it\/cristorisorto\/index.php?rest_route=%2Fwp%2Fv2%2Fmedia&parent=95"}],"curies":[{"name":"wp","href":"https:\/\/api.w.org\/{rel}","templated":true}]}}